{"id":3569,"date":"2025-12-06T17:05:36","date_gmt":"2025-12-06T17:05:36","guid":{"rendered":"https:\/\/juliedoucet.net\/?page_id=3569"},"modified":"2026-04-11T17:40:53","modified_gmt":"2026-04-11T17:40:53","slug":"press-review","status":"publish","type":"page","link":"https:\/\/juliedoucet.net\/en\/press-review\/","title":{"rendered":"Press Review"},"content":{"rendered":"\t\t<div data-elementor-type=\"wp-page\" data-elementor-id=\"3569\" class=\"elementor elementor-3569 elementor-1780\" data-elementor-post-type=\"page\">\n\t\t\t\t<div class=\"elementor-element elementor-element-42c783a e-flex e-con-boxed e-con e-parent\" data-id=\"42c783a\" data-element_type=\"container\" data-e-type=\"container\">\n\t\t\t\t\t<div class=\"e-con-inner\">\n\t\t<div class=\"elementor-element elementor-element-ddf3ff6 e-con-full e-flex e-con e-child\" data-id=\"ddf3ff6\" data-element_type=\"container\" data-e-type=\"container\">\n\t\t\t\t<div class=\"elementor-element elementor-element-35a42da elementor-widget elementor-widget-heading\" data-id=\"35a42da\" data-element_type=\"widget\" data-e-type=\"widget\" data-widget_type=\"heading.default\">\n\t\t\t\t\t<h1 class=\"elementor-heading-title elementor-size-default\">Press Review<\/h1>\t\t\t\t<\/div>\n\t\t<div class=\"elementor-element elementor-element-586141b e-con-full e-flex e-con e-child\" data-id=\"586141b\" data-element_type=\"container\" data-e-type=\"container\">\n\t\t\t\t<div class=\"elementor-element elementor-element-84b56a6 elementor-widget elementor-widget-button\" data-id=\"84b56a6\" data-element_type=\"widget\" data-e-type=\"widget\" data-widget_type=\"button.default\">\n\t\t\t\t\t\t\t\t\t\t<a class=\"elementor-button elementor-button-link elementor-size-sm\" href=\"#press\">\n\t\t\t\t\t\t<span class=\"elementor-button-content-wrapper\">\n\t\t\t\t\t\t\t\t\t<span class=\"elementor-button-text\">press<\/span>\n\t\t\t\t\t<\/span>\n\t\t\t\t\t<\/a>\n\t\t\t\t\t\t\t\t<\/div>\n\t\t\t\t<div class=\"elementor-element elementor-element-020a65d elementor-widget elementor-widget-button\" data-id=\"020a65d\" data-element_type=\"widget\" data-e-type=\"widget\" data-widget_type=\"button.default\">\n\t\t\t\t\t\t\t\t\t\t<a class=\"elementor-button elementor-button-link elementor-size-sm\" href=\"#radio\">\n\t\t\t\t\t\t<span class=\"elementor-button-content-wrapper\">\n\t\t\t\t\t\t\t\t\t<span class=\"elementor-button-text\">radio<\/span>\n\t\t\t\t\t<\/span>\n\t\t\t\t\t<\/a>\n\t\t\t\t\t\t\t\t<\/div>\n\t\t\t\t<div class=\"elementor-element elementor-element-fc35911 elementor-widget elementor-widget-button\" data-id=\"fc35911\" data-element_type=\"widget\" data-e-type=\"widget\" data-widget_type=\"button.default\">\n\t\t\t\t\t\t\t\t\t\t<a class=\"elementor-button elementor-button-link elementor-size-sm\" href=\"#videos\">\n\t\t\t\t\t\t<span class=\"elementor-button-content-wrapper\">\n\t\t\t\t\t\t\t\t\t<span class=\"elementor-button-text\"> video reports<\/span>\n\t\t\t\t\t<\/span>\n\t\t\t\t\t<\/a>\n\t\t\t\t\t\t\t\t<\/div>\n\t\t\t\t<div class=\"elementor-element elementor-element-5ef980a elementor-widget elementor-widget-button\" data-id=\"5ef980a\" data-element_type=\"widget\" data-e-type=\"widget\" data-widget_type=\"button.default\">\n\t\t\t\t\t\t\t\t\t\t<a class=\"elementor-button elementor-button-link elementor-size-sm\" href=\"#essays\">\n\t\t\t\t\t\t<span class=\"elementor-button-content-wrapper\">\n\t\t\t\t\t\t\t\t\t<span class=\"elementor-button-text\">essays<\/span>\n\t\t\t\t\t<\/span>\n\t\t\t\t\t<\/a>\n\t\t\t\t\t\t\t\t<\/div>\n\t\t\t\t<\/div>\n\t\t\t\t<\/div>\n\t\t\t\t<div class=\"elementor-element elementor-element-e6d69f5 elementor-widget elementor-widget-text-editor\" data-id=\"e6d69f5\" data-element_type=\"widget\" data-e-type=\"widget\" id=\"press\" data-widget_type=\"text-editor.default\">\n\t\t\t\t\t\t\t\t\t<h3>PRESS<\/h3><p><a href=\"https:\/\/www.ledevoir.com\/culture\/arts-visuels\/811775\/artiste-quebecoise-julie-doucet-celebree-retrospective-france\" target=\"_blank\" rel=\"noopener\"><strong>LE DEVOIR,<\/strong> Antoine Pollez, April 26, 2024<\/a><\/p><p><a href=\"https:\/\/www.rollingstone.fr\/julie-doucet-a-la-une\/\" target=\"_blank\" rel=\"noopener\"><strong>ROLLING STONE,<\/strong>\u00a0April 23, 2024<\/a><\/p><p><a href=\"https:\/\/revueliberte.ca\/article\/6211-apparitions-de-julie-doucet\" target=\"_blank\" rel=\"noopener\"><strong>REVUE LIBERT\u00c9,<\/strong> Val\u00e9rie Lefebvre-Faucher, Spring 2024<\/a><\/p><p><a href=\"https:\/\/www.moma.org\/magazine\/articles\/975\" target=\"_blank\" rel=\"noopener\"><strong>MOMA MAGAZINE,<\/strong> \u201cWild Imagination: a Conversation with Julie Doucet\u201d, October 13, 2023<\/a><\/p><p><a href=\"https:\/\/galerieannebarrault.com\/wp-content\/uploads\/2023\/03\/Julie-Doucet_Le-Point_mars-2023.jpg\" target=\"_blank\" rel=\"noopener\"><strong>LE POINT,<\/strong> Romain Brethes, March 23, 2023<\/a><\/p><p><a href=\"https:\/\/galerieannebarrault.com\/wp-content\/uploads\/2023\/03\/62-63-DOUCET-DOSSIER-DESSINS-AP-508.pdf\" target=\"_blank\" rel=\"noopener\"><strong>ARTPRESS,<\/strong> Philippe Ducat, March 2023<\/a><\/p><p><a href=\"https:\/\/www.lemonde.fr\/culture\/article\/2023\/01\/29\/julie-doucet-les-mecs-ne-se-genent-pas-avec-le-corps-des-femmes-pourquoi-est-ce-que-je-me-generais_6159703_3246.html\" target=\"_blank\" rel=\"noopener\"><strong>LE MONDE, <\/strong>Fr\u00e9d\u00e9ric Potet, January 29, 2023<\/a><\/p><p><a href=\"https:\/\/www.nytimes.com\/2022\/04\/15\/arts\/design\/julie-doucet-time-zone-j.html\" target=\"_blank\" rel=\"noopener\"><strong>THE NEW YORK TIMES<\/strong>, \u201cIt\u2019s Julie Doucet\u2019s World\u201d, 2022<\/a><\/p><p><a href=\"https:\/\/canada-culture.org\/event\/rencontre-avec-julie-doucet\/\" target=\"_blank\" rel=\"noopener\"><strong>CENTRE CULTUREL CANADIEN,<\/strong> February 13, 2023<\/a><\/p><p><a href=\"https:\/\/www.citebd.org\/neuvieme-art\/dossier-julie-doucet\" target=\"_blank\" rel=\"noopener\"><strong>CITEBD,<\/strong> Dossier \u2013 Julie Doucet, 2022<\/a><\/p><p><a href=\"https:\/\/www.lemonde.fr\/culture\/article\/2022\/03\/16\/julie-doucet-un-grand-prix-d-angouleme-feministe-jusqu-au-bout-des-ongles-et-underground_6117814_3246.html\" target=\"_blank\" rel=\"noopener\"><strong>LE MONDE,<\/strong> Fr\u00e9d\u00e9ric Potet, March 16, 2022<\/a><\/p><p><a href=\"https:\/\/www.lapresse.ca\/arts\/litterature\/2022-03-16\/bande-dessinee\/julie-doucet-remporte-le-grand-prix-d-angouleme.php\" target=\"_blank\" rel=\"noopener\"><strong>LA PRESSE,<\/strong> St\u00e9phanie Morin, March 16, 2022<\/a><\/p><p><a href=\"https:\/\/www.cbc.ca\/books\/celebrated-montreal-underground-comic-book-artist-julie-doucet-reinvents-herself-with-memoir-time-zone-j-1.6518234\" target=\"_blank\" rel=\"noopener\"><strong>CBC,<\/strong> July 18, 2022<\/a><\/p><p><a href=\"https:\/\/ici.radio-canada.ca\/nouvelle\/1869550\/julie-doucet-angouleme-grand-prix-dirty-plotte-bande-dessinee-osee-crue-quebec?depuisRecherche=true\" target=\"_blank\" rel=\"noopener\"><strong>RADIO CANADA,<\/strong> March 16, 2022<\/a><\/p><p><a href=\"https:\/\/www.courrierinternational.com\/revue-de-presse\/vu-du-quebec-angouleme-la-quebecoise-julie-doucet-enfin-au-pantheon-de-la-bande\" target=\"_blank\" rel=\"noopener\"><strong>COURIER INTERNATIONAL,<\/strong> March 17, 2022<\/a><\/p><p><a href=\"https:\/\/www.leparisien.fr\/culture-loisirs\/livres\/festival-de-la-bd-dangouleme-qui-est-julie-doucet-laureate-du-grand-prix-16-03-2022-557YUVMMSJDP5CYB4G3OITBT6E.php\" target=\"_blank\" rel=\"noopener\"><strong>LE PARISIEN,<\/strong> Christophe Levent, March 16, 2022<\/a><\/p><p><a href=\"https:\/\/www.lefigaro.fr\/bd\/angouleme-2022-pionniere-du-feminisme-en-bd-la-quebecoise-julie-doucet-elue-grand-prix-20220316\" target=\"_blank\" rel=\"noopener\"><strong>LE FIGARO,<\/strong> Olivier Delcroix et Aur\u00e9lia Vertaldi, March 17, 2022<\/a><\/p><p><a href=\"https:\/\/drawnandquarterly.com\/press\/5-dq-on-npr-books-we-love-2022-list\/\" target=\"_blank\" rel=\"noopener\"><strong>NPR,<\/strong> 2022<\/a><\/p><p><a href=\"https:\/\/www.bdangouleme.com\/grand-prix-festival-angouleme-2022\" target=\"_blank\" rel=\"noopener\"><strong>BD ANGOUL\u00caME,<\/strong> March 16, 2022<\/a><\/p><p><a href=\"https:\/\/slate.com\/culture\/2018\/10\/julie-doucet-dirty-plotte-jami-attenberg-new-york-diary.html\" target=\"_blank\" rel=\"noopener\"><strong>SLATE,<\/strong> 2018<\/a><\/p><p><a href=\"https:\/\/www.theparisreview.org\/blog\/2018\/10\/25\/the-destabilizing-desire-of-julie-doucet\/\" target=\"_blank\" rel=\"noopener\"><strong>THE PARIS REVIEW, <\/strong>\u201cThe Destabilizing Desire of Julie Doucet\u201d, October 25, 2018<\/a><\/p><p><a href=\"https:\/\/lareviewofbooks.org\/article\/i-really-had-to-reinvent-myself-an-interview-with-julie-doucet\/\" target=\"_blank\" rel=\"noopener\"><strong>LOS ANGELES REVIEW OF BOOKS,<\/strong> Interview with Julie Doucet, January 19, 2019<\/a><\/p><p><a href=\"https:\/\/thecreativeindependent.com\/people\/cartoonist-julie-doucet-on-the-compulsion-to-create\" target=\"_blank\" rel=\"noopener\"><strong>THE CREATIVE INDEPENDENT, <\/strong>\u201cCartoonist Julie Doucet on the compulsion to create\u201d, 2019<\/a><\/p><p><a href=\"https:\/\/bombmagazine.org\/articles\/2018\/09\/18\/dirty-plotte-the-complete-julie-doucet\" target=\"_blank\" rel=\"noopener\"><strong>BOMB MAGAZINE,<\/strong> \u201cDirty Plotte: The Complete Julie Doucet\u201d, 2018<\/a><\/p><p><a href=\"https:\/\/therumpus.net\/2018\/12\/11\/spotlight-the-rumpus-review-of-dirty-plotte-the-complete-julie-doucet\/?utm_source=chatgpt.com\" target=\"_blank\" rel=\"noopener\"><strong>THE RUMPUS, <\/strong>\u201cThe Rumpus Review of Dirty Plotte\u201d, 2018<\/a><\/p><p><a href=\"https:\/\/www.lesinrocks.com\/livres\/julie-doucet-suis-davantage-influencee-dadaisme-beat-generation-60747-10-08-2016\/\" target=\"_blank\" rel=\"noopener\"><strong>LES INROCKUPTIBLES, <\/strong>Sophie Courval, 2016<\/a><\/p><p><a href=\"https:\/\/www.tcj.com\/the-starting-point-an-interview-with-julie-doucet\/\" target=\"_blank\" rel=\"noopener\"><strong>THE COMICS JOURNAL, <\/strong>\u201cThe Starting Point: An Interview with Julie Doucet\u201d, 2016<\/a><\/p><p><a href=\"https:\/\/dnadel.com\/wp-content\/uploads\/2015\/12\/TheDrama007_JulieDoucet.pdf\" target=\"_blank\" rel=\"noopener\"><strong>DANS NADEL \/ THE DRAMA,<\/strong> \u201cA Good Life: The Julie Doucet Interview\u201d, 2015<\/a><\/p><p><a href=\"https:\/\/www.artforum.com\/columns\/hillary-chute-on-julie-doucets-my-new-york-diary-220984\/\" target=\"_blank\" rel=\"noopener\"><strong>ARTFORUM<\/strong>, 2014<\/a><\/p><p><a href=\"https:\/\/thewalrus.ca\/2008-02-online-exclusive-5\/\" target=\"_blank\" rel=\"noopener\"><strong>THE WALRUS<\/strong>, 2012<\/a><\/p>\t\t\t\t\t\t\t\t<\/div>\n\t\t\t\t<div class=\"elementor-element elementor-element-ae559ff elementor-widget elementor-widget-text-editor\" data-id=\"ae559ff\" data-element_type=\"widget\" data-e-type=\"widget\" id=\"radio\" data-widget_type=\"text-editor.default\">\n\t\t\t\t\t\t\t\t\t<h3>RADIO<\/h3><p><a href=\"https:\/\/www.radiofrance.fr\/franceinter\/podcasts\/la-20e-heure\/la-20eme-heure-du-jeudi-24-octobre-2024-4783879\" target=\"_blank\" rel=\"noopener\"><strong>FRANCE INTER, <\/strong><em>La 20<sup>e<\/sup> heure<\/em>, \u00c9va Bester, October 24, 2024<\/a><\/p><p><a href=\"https:\/\/www.youtube.com\/watch?v=EiSZoFZzedw\" target=\"_blank\" rel=\"noopener\"><strong>ENTRE 2 CASES,<\/strong> Jean-Dominic Leduc, March 2024<\/a><\/p><p><a href=\"https:\/\/www.radiofrance.fr\/franceculture\/podcasts\/affaires-culturelles\/julie-doucet-est-l-invitee-d-affaires-culturelles-7630898\" target=\"_blank\" rel=\"noopener\"><strong>FRANCE CULTURE, <\/strong><em>Affaires Culturelles<\/em>, Arnaud Laporte, February 15, 2023<\/a><\/p><p><a href=\"https:\/\/www.radiofrance.fr\/franceculture\/podcasts\/par-les-temps-qui-courent\/julie-doucet-dessiner-a-ete-mon-exutoire-pour-ne-pas-etre-invisible-8083640\" target=\"_blank\" rel=\"noopener\"><strong>FRANCE CULTURE,<\/strong> <em>Par les temps qui courent<\/em>, Marie Richeux, March 22, 2022<\/a><\/p>\t\t\t\t\t\t\t\t<\/div>\n\t\t\t\t<div class=\"elementor-element elementor-element-f87a527 elementor-widget elementor-widget-text-editor\" data-id=\"f87a527\" data-element_type=\"widget\" data-e-type=\"widget\" id=\"videos\" data-widget_type=\"text-editor.default\">\n\t\t\t\t\t\t\t\t\t<h3>VIDEO REPORTS<\/h3><p><a href=\"https:\/\/www.youtube.com\/watch?v=eLqkfpLtrXM\" target=\"_blank\" rel=\"noopener\"><strong>MUS\u00c9ES DE LA VILLE DE STRASBOURG,<\/strong> \u201cJulie Doucet \u2013 Rencontre\u201d, 2024<\/a><\/p><p><a href=\"https:\/\/www.youtube.com\/watch?v=plj3ILb_7LA\" target=\"_blank\" rel=\"noopener\"><strong>MUS\u00c9ES DE LA VILLE DE STRASBOURG<\/strong>, \u201cJulie Doucet \u2013 Une r\u00e9trospection\u201d, 2024<\/a><\/p><p><a href=\"https:\/\/telequebec.tv\/regarder\/les-bd-de-julie-doucet-sexe-feminisme-et-humour-trash\" target=\"_blank\" rel=\"noopener\"><strong>T\u00c9L\u00c9-QU\u00c9BEC,<\/strong> <em>La Fabrique culturelle<\/em>, 2023<\/a><\/p><p><a href=\"https:\/\/www.youtube.com\/watch?v=lCTWRAfIjlY\" target=\"_blank\" rel=\"noopener\"><strong>TV5 MONDE BD,<\/strong> \u201cJulie Doucet, grand Prix d\u2019Angoul\u00eame\u201d, 2022<\/a><\/p><p><a href=\"https:\/\/youtu.be\/ST-7T5f5hNI?si=QClljoNauH9v5eUD&amp;t=339\" target=\"_blank\" rel=\"noopener\"><strong>FRANCE 24<\/strong>, <\/a><a href=\"https:\/\/www.youtube.com\/watch?v=ST-7T5f5hNI&amp;t=339s\">\u201c\u00c0 Angoul\u00eame, la Qu\u00e9b\u00e9coise Julie Doucet r\u00e9compens\u00e9e pour son \u0153uvre punk et f\u00e9ministe\u201d<\/a><\/p><p><a href=\"https:\/\/www.youtube.com\/watch?v=un8Mxey2oT4\" target=\"_blank\" rel=\"noopener\"><strong>SPX 2018 PANEL,<\/strong> \u201cCutting Up: Julie Doucet&#8217;s Reinventions\u201d<\/a><\/p><p><a href=\"https:\/\/www.youtube.com\/watch?v=A8WLuGv1pf0\" target=\"_blank\" rel=\"noopener\"><strong>LA CASA INCENDIDA,<\/strong> 2018<\/a><\/p>\t\t\t\t\t\t\t\t<\/div>\n\t\t\t\t<div class=\"elementor-element elementor-element-5c87294 elementor-widget elementor-widget-text-editor\" data-id=\"5c87294\" data-element_type=\"widget\" data-e-type=\"widget\" id=\"essays\" data-widget_type=\"text-editor.default\">\n\t\t\t\t\t\t\t\t\t<h3>ESSAYS<\/h3><p><a href=\"https:\/\/www.erudit.org\/en\/journals\/memoires\/2023v14n1memoires08590\/1104236ar.pdf\" target=\"_blank\" rel=\"noopener\"><strong>\u201cDES CENTRES ET DES MARGES. LA TRAJECTOIRE DE JULIE DOUCET\u201d,<\/strong>\u00a0Izabeau Legendre and Julien Lefort-Favreau, 2023<\/a><\/p><p><a href=\"https:\/\/journals.openedition.org\/textyles\/1426\" target=\"_blank\" rel=\"noopener\"><strong>\u201cF\u00c9MININ SINGULIER : LES DESSEINS DU MOI. JULIE DOUCET, DOMINIQUE GOBLET\u201d,<\/strong>\u00a0Laurence Brogniez, 2010<\/a><\/p>\t\t\t\t\t\t\t\t<\/div>\n\t\t\t\t\t<\/div>\n\t\t\t\t<\/div>\n\t\t\t\t<\/div>\n\t\t","protected":false},"excerpt":{"rendered":"<p>Press Review press radio video reports essays PRESS LE DEVOIR, Antoine Pollez, April 26, 2024 ROLLING STONE,\u00a0April 23, 2024 REVUE LIBERT\u00c9, Val\u00e9rie Lefebvre-Faucher, Spring 2024 MOMA MAGAZINE, \u201cWild Imagination: a Conversation with Julie Doucet\u201d, October 13, 2023 LE POINT, Romain Brethes, March 23, 2023 ARTPRESS, Philippe Ducat, March 2023 LE MONDE, Fr\u00e9d\u00e9ric Potet, January 29, [&hellip;]<\/p>\n","protected":false},"author":1,"featured_media":0,"parent":0,"menu_order":0,"comment_status":"closed","ping_status":"closed","template":"elementor_header_footer","meta":{"_acf_changed":false,"footnotes":""},"class_list":["post-3569","page","type-page","status-publish","hentry"],"acf":[],"_links":{"self":[{"href":"https:\/\/juliedoucet.net\/en\/wp-json\/wp\/v2\/pages\/3569","targetHints":{"allow":["GET"]}}],"collection":[{"href":"https:\/\/juliedoucet.net\/en\/wp-json\/wp\/v2\/pages"}],"about":[{"href":"https:\/\/juliedoucet.net\/en\/wp-json\/wp\/v2\/types\/page"}],"author":[{"embeddable":true,"href":"https:\/\/juliedoucet.net\/en\/wp-json\/wp\/v2\/users\/1"}],"replies":[{"embeddable":true,"href":"https:\/\/juliedoucet.net\/en\/wp-json\/wp\/v2\/comments?post=3569"}],"version-history":[{"count":4,"href":"https:\/\/juliedoucet.net\/en\/wp-json\/wp\/v2\/pages\/3569\/revisions"}],"predecessor-version":[{"id":5658,"href":"https:\/\/juliedoucet.net\/en\/wp-json\/wp\/v2\/pages\/3569\/revisions\/5658"}],"wp:attachment":[{"href":"https:\/\/juliedoucet.net\/en\/wp-json\/wp\/v2\/media?parent=3569"}],"curies":[{"name":"wp","href":"https:\/\/api.w.org\/{rel}","templated":true}]}}