{"id":3529,"date":"2025-10-13T16:24:39","date_gmt":"2025-10-13T16:24:39","guid":{"rendered":"https:\/\/juliedoucet.net\/?page_id=3529"},"modified":"2026-04-11T17:39:13","modified_gmt":"2026-04-11T17:39:13","slug":"exhibitions-and-screenings","status":"publish","type":"page","link":"https:\/\/juliedoucet.net\/en\/exhibitions-and-screenings\/","title":{"rendered":"Exhibitions and Screenings"},"content":{"rendered":"\t\t<div data-elementor-type=\"wp-page\" data-elementor-id=\"3529\" class=\"elementor elementor-3529 elementor-806\" data-elementor-post-type=\"page\">\n\t\t\t\t<div class=\"elementor-element elementor-element-b28bbe0 e-flex e-con-boxed e-con e-parent\" data-id=\"b28bbe0\" data-element_type=\"container\" data-e-type=\"container\">\n\t\t\t\t\t<div class=\"e-con-inner\">\n\t\t<div class=\"elementor-element elementor-element-6e41f32 e-con-full e-flex e-con e-child\" data-id=\"6e41f32\" data-element_type=\"container\" data-e-type=\"container\">\n\t\t\t\t<div class=\"elementor-element elementor-element-b7d8bfe elementor-widget elementor-widget-heading\" data-id=\"b7d8bfe\" data-element_type=\"widget\" data-e-type=\"widget\" data-widget_type=\"heading.default\">\n\t\t\t\t\t<h1 class=\"elementor-heading-title elementor-size-default\">Exhibitions<\/h1>\t\t\t\t<\/div>\n\t\t<div class=\"elementor-element elementor-element-c5acdcd e-con-full e-flex e-con e-child\" data-id=\"c5acdcd\" data-element_type=\"container\" data-e-type=\"container\">\n\t\t\t\t<div class=\"elementor-element elementor-element-2b4e607 elementor-widget elementor-widget-button\" data-id=\"2b4e607\" data-element_type=\"widget\" data-e-type=\"widget\" data-widget_type=\"button.default\">\n\t\t\t\t\t\t\t\t\t\t<a class=\"elementor-button elementor-button-link elementor-size-sm\" href=\"https:\/\/juliedoucet.net\/en\/selected-exhibitions\/\">\n\t\t\t\t\t\t<span class=\"elementor-button-content-wrapper\">\n\t\t\t\t\t\t\t\t\t<span class=\"elementor-button-text\">selected exhibitions<\/span>\n\t\t\t\t\t<\/span>\n\t\t\t\t\t<\/a>\n\t\t\t\t\t\t\t\t<\/div>\n\t\t\t\t<div class=\"elementor-element elementor-element-95623bb elementor-widget elementor-widget-button\" data-id=\"95623bb\" data-element_type=\"widget\" data-e-type=\"widget\" data-widget_type=\"button.default\">\n\t\t\t\t\t\t\t\t\t\t<a class=\"elementor-button elementor-button-link elementor-size-sm\" href=\"https:\/\/juliedoucet.net\/en\/exhibitions-and-screenings\/\">\n\t\t\t\t\t\t<span class=\"elementor-button-content-wrapper\">\n\t\t\t\t\t\t\t\t\t<span class=\"elementor-button-text\">List of exhibitions &amp; screenings<\/span>\n\t\t\t\t\t<\/span>\n\t\t\t\t\t<\/a>\n\t\t\t\t\t\t\t\t<\/div>\n\t\t\t\t<\/div>\n\t\t\t\t<\/div>\n\t\t\t\t<div class=\"elementor-element elementor-element-d75db94 elementor-widget elementor-widget-text-editor\" data-id=\"d75db94\" data-element_type=\"widget\" data-e-type=\"widget\" data-widget_type=\"text-editor.default\">\n\t\t\t\t\t\t\t\t\t<h3>EXHIBITIONS<\/h3><p><strong>2026 \u2013\u00a0EPOP\u00c9ES GRAPHIQUES<\/strong>: Group exhibition.<br \/>Mus\u00e9e de Grenoble (France).<br \/>November 22 to April 19, 2026.<\/p><p><a href=\"https:\/\/galerieannebarrault.com\/exposition\/le-meilleur-de-moi-meme-ce-sont-mes-amis-daniel-spoerri\/\" target=\"_blank\" rel=\"noopener\"><strong>2026 \u2013 LE MEILLEUR DE MOI-M\u00caME, CE SONT MES AMI.E.S<\/strong><\/a>: Group exhibition.<br \/>Galerie Anne Barrault, Paris (France). Curator: Anne Barrault.<br \/>January 17 to February 28, 2026.<\/p><p><a href=\"https:\/\/juliedoucet.net\/en\/exposition\/graphic-worlds\/\"><strong>2026 \u2013\u00a0MONDES GRAPHIQUES<\/strong><\/a>: Group exhibition.<br \/>Mus\u00e9e d\u2019Art contemporain de Montr\u00e9al, Montreal (Quebec). Curator: Mojeanne Behzadi.<br \/>Through January 31, 2026.<\/p><p><a href=\"https:\/\/www.centrepompidou.fr\/en\/program\/calendar\/event\/9htHbj4\" target=\"_blank\" rel=\"noopener\"><strong>2024 \u2013 COMICS 1964-2024<\/strong><\/a>: Group exhibition.<br \/>Centre Pompidou, Paris (France). Curators: Emmanu\u00e8le Payen and Anne Lemonnier.<br \/>May 29 to November 4, 2024.<\/p><p><a href=\"https:\/\/juliedoucet.net\/en\/exposition\/a-retrospective\/\"><strong>2024 \u2013 A RETROSPECTIVE<\/strong><\/a>: Solo exhibition.<br \/>Mus\u00e9e Tomi Ungerer \u2014 International Center for Illustration in Strasbourg, Strasbourg (France). Curators: Anna Sailer and Morgane Magnin.<br \/>April 25 to November 3, 2024.<\/p><p><a href=\"https:\/\/juliedoucet.net\/en\/exposition\/art-scrap-craft\/\"><strong>2023-2024 \u2013\u00a0ART SCRAP CRAFT<\/strong><\/a>: Solo exhibition.<br \/>Galerie Anne Barrault, Paris (France). Curator: Anne Barrault.<br \/>December 2, 2023 to January 20, 2024.<\/p><p><a href=\"https:\/\/www.centrocentro.org\/en\/exhibition\/excuse-me-im-speaking\" target=\"_blank\" rel=\"noopener\"><strong>2023 \u2013 PERDONA, ESTOY HABLANDO (EXCUSE ME, I\u2019M SPEAKING):<\/strong> <\/a>Group exhibition.<br \/>CentroCentro Cultural Center, Madrid (Spain). Curators: Tevi de la Torre, Teresa Ferrero-Peleteiro, and Roberta V\u00e1zquez. Autobiographical comics created by women.<br \/>March 29 to July 23, 2023.<\/p><p><a href=\"https:\/\/juliedoucet.net\/en\/exposition\/julie-doucet-toujours-de-grande-classe\/\"><strong>2023 \u2013\u00a0JULIE DOUCET, TOUJOURS DE GRANDE CLASSE<\/strong><\/a>: Solo exhibition.<br \/>H\u00f4tel Saint-Simon, Angoul\u00eame (France). Curator: June Misserey.\u00a0As part of the Angoul\u00eame International Comics Festival.<br \/>January 24 to 29, 2023.<\/p><p><a href=\"https:\/\/mcmullenmuseum.bc.edu\/exhibitions\/comics\/\" target=\"_blank\" rel=\"noopener\"><strong>2022 \u2013\u00a0RAW, WEIRDO, AND BEYOND \u2013 AMERICAN ALTERNATIVE COMICS, 1980-2000<\/strong>\u00a0<\/a>: Group exhibition.<br \/>McMullen Museum of Art, Boston College, Boston (USA). Curators: John McCoy et Andrei Molotiu. Comics. <br \/>September 6 to December 4, 2022.<\/p><p><strong>2019-2020 \u2013\u00a0HISTOIRE DE L\u2019ART CHERCHE PERSONNAGES\u2026<\/strong>: Group exhibition.<br \/>CAPC mus\u00e9e d\u2019Art contemporain de Bordeaux (France). Exhibition organized jointly with the Cit\u00e9 internationale de la bande dessin\u00e9e et de l\u2019image, Angoul\u00eame (France), and the Fondation Gandur pour l\u2019Art, Geneva (Switzerland). Drawings, animated film.<br \/>June 20, 2019 to February 2, 2020.<\/p><p><strong>2019-2020 \u2013 THIS IS SERIOUS: CANADIAN INDIE COMICS: <\/strong>Group exhibition.<br \/>AGH \u2013 Art Gallery of Hamilton, Hamilton, Ontario. Curators: Joe Ollmann et Alana Traficante. Comics, Drawings. <br \/>June 21, 2019 to January 5, 2020. Catalog.<\/p><p><a href=\"https:\/\/juliedoucet.net\/en\/exposition\/stereophonies\/\"><strong>2017 \u2013\u00a0ST\u00c9R\u00c9OPHONIES<\/strong><\/a>:\u00a0Installation of texts by Christof Migone, created in collaboration with Julie Doucet and Simon Brown. Part of the Interstices event, commissioned by the DA\u00cfM\u00d4N center. <br \/>La Fabrique, Gatineau (Quebec).<br \/>July 12 to August 30, 2017.<\/p><p><a href=\"https:\/\/juliedoucet.net\/en\/exposition\/fumetto-international-comix-festival-lucerne\/\"><strong>2017 \u2013\u00a0FUMETTO \u2013 INTERNATIONAL COMIX-FESTIVAL LUCERNE<\/strong><\/a>: Guest of honor. Retrospective exhibition. <br \/>Akku Kunst-plattform. Lucerne (Switzerland). Curator: Jana Jakoubek.<br \/>April 1 to 9, 2017.<\/p><p><strong>2016 \u2013\u00a0SP\u00c9L\u00c9OGRAPHIE \u2013 BIENNALE DES \u00c9CRITURES<\/strong>: Guest of Honor. Exhibition and participation in writing workshops. <br \/>H\u00f4tel Pasteur, Rennes (France). Curator and organizer: Luc Morvandiau.<br \/>May 13 to June 18, 2016.<\/p><p><a href=\"https:\/\/juliedoucet.net\/en\/exposition\/traficart-les-formes-du-temps\/\"><strong>2010 \u2013 TRAFICART \u2013 LES FORMES DU TEMPS<\/strong><\/a>: Group exhibition.<br \/>Galerie S\u00e9quence, Chicoutimi. Curator: Nicole Gingras.<br \/>August 26 to October 30, 2010.<\/p><p><strong>2010 \u2013\u00a0CES ARTISTES QUI IMPRIMENT \u2013 UN REGARD SUR L\u2019ESTAMPE AU QU\u00c9BEC DEPUIS 1980<\/strong>: Group exhibition.<br \/>Grande biblioth\u00e8que, Montreal (Quebec). Curator: Gilles Daigneault. Woodcuts.<br \/>May 11 to October 3, 2010. Catalog.<\/p><p><strong>2008 \u2013\u00a0LA TRIENNALE QU\u00c9B\u00c9COISE \u2013 RIEN NE SE PERD, RIEN NE SE CR\u00c9E, TOUT SE TRANSFORME<\/strong>: Group exhibition.<br \/>Mus\u00e9e d\u2019Art contemporain de Montr\u00e9al. Curators: Jos\u00e9e B\u00e9lisle, Paulette Gagnon, Mark Lanct\u00f4t, Pierre Landry. Collages.<br \/>May 24 to September 7, 2008. Catalog.<\/p><p><a href=\"https:\/\/juliedoucet.net\/en\/exposition\/la-biennale-de-montreal-remuer-ciel-et-terre\/\"><strong>2007 \u2013\u00a0LA BIENNALE DE MONTR\u00c9AL \u2013 REMUER CIEL ET TERRE<\/strong><\/a>: Group exhibition. <br \/>\u00c9cole Bourget, Montreal (Quebec). Curator: Wayne Baerwaldt. Collages.<br \/>May 10 \u2013 July 8, 2007.<\/p><p><a href=\"https:\/\/juliedoucet.net\/en\/exposition\/animalerie-ju-do-julie-doucet-et-dominique-petrin\/\"><strong>2007 \u2013 ANIMALERIE JU-DO<\/strong><\/a><strong>: Julie Doucet and Dominique P\u00e9trin.<\/strong><br \/>LA CENTRALE Gallery. Curator: The Great Rector Gilles Robert.<br \/>May 9 to13, 2007.<\/p><p><strong>2006 \u2013\u00a0OK. QUOI?! CONTEMPORARY ARTS FESTIVAL: Art in the Air Audio Works<\/strong>.<br \/>Struts Gallery, Sackville (New Brunswick). A recording of the artist\u2019s poems set to music by Anne-F Jacques.<br \/>July 11 to August 5, 2006.<\/p><p><strong>2006 \u2013\u00a0NUIT BLANCHE \u2013 SOIR\u00c9E SONORE<\/strong>: Performance. <br \/>B-312 Gallery, Montreal (Quebec). A recording of the artist\u2019s poems set to music by Anne-F Jacques.<br \/>The night of February 25 to 26, 2006.<\/p><p><a href=\"https:\/\/juliedoucet.net\/en\/exposition\/zur-erinnerung-an-melek-in-memory-of-melek\/\"><strong>2006 \u2013 ZUR ERINNERUNG AN MELEK \u2013 IN MEMORY OF MELEK<\/strong><\/a>: Solo exhibition.<br \/>B-312 Gallery, Montreal. Linocuts.<br \/>February 17 to March 18, 2006.<\/p><p><strong>2006 \u2013\u00a0FINE LINE<\/strong>:\u00a0Group Exhibition.<br \/>Adam Baumgold Gallery, New York (USA). Drawings.<br \/>February 2 to March 11, 2006.<\/p><p><a href=\"https:\/\/juliedoucet.net\/en\/exposition\/a-lecole-de-lamour-julie-doucet\/\"><strong>2005-2006 \u2013\u00a0\u00c0 L\u2019\u00c9COLE DE L\u2019AMOUR<\/strong><em><strong>:<\/strong><\/em> <strong>Julie Doucet<\/strong><\/a><br \/>Clark Gallery.<br \/>August 2005 to April 2006.<\/p><p><strong>2005 \u2013 NINE \u2013 ICELANDIC, SCANDINAVIAN AND NORTH AMERICAN COMICS<\/strong>:\u00a0Group exhibition.<br \/>Reykjav\u00edk Art Museum Kjarvalssta\u0111ir, Reykjav\u00edk (Island). Curator: Bjarni Hinriksson. Comics.<br \/>March 12 to April 24, 2005.<\/p><p><strong>2004 \u2013 FAUX PAPIER MODERNE<\/strong>: Group exhibition.<br \/>Galerie RAD\u2019A. Curator: book mobile et le magasin<br \/>May 1 to 15, 2004.<\/p><p><a href=\"https:\/\/juliedoucet.net\/en\/exposition\/le-magasin\/\"><strong>2003 \u2013 LE MAGASIN<\/strong><\/a>: Group exhibition.<br \/>Casa del Popolo, Montreal (Quebec). Curator: The Great Rector Gilles Robert<br \/>June 2, 2003.<\/p><p><strong>2002 \u2013\u00a0RAW, BOILED &amp; COOKED<\/strong>: Group exhibition.<br \/>Yerba Buena Center for the Arts, San Francisco (USA).<br \/>July 27to October 13, 2002.<\/p><p><strong>2002 \u2013\u00a0COLLAGES<\/strong>: Artist residency followed by a solo exhibition.<br \/>Centre d\u2019artistes Le Lobe, Chicoutimi (Quebec).<br \/>April 23 to May 4, 2002.<\/p><p><strong>2000 \u2013\u00a0BUBBLES\u2019N\u2019BOXES\u2019N\u2019BEYOND<\/strong>: Group exhibition.\u00a0<br \/>Swiss Institute, New York (USA).<br \/>Curators: Patrizia Crivelli and Annette Schindler. Drawings.<br \/>June 1 to August 19, 2000.<\/p><p><strong>1997 \u2013\u00a0AUTARTIC COMIX \u2013 OBSERVATOIRE DE LA BANDE DESSIN\u00c9E ACTUELLE<\/strong>: Group exhibition.<br \/>Halles de Schaerbeek, Brussels (Belgium). Curator : Groupe Fr\u00e9on. Comics.<br \/>April 18 to 20, 1997.<\/p><p><strong>1993 \u2013\u00a0COMIC POWER<\/strong>: Group exhibition.<br \/>Exit Art\/The First World, New York, (USA). Curators: John Carlin et Carlo McCormick. Comics. <br \/>September 11 to October 30, 1993.<\/p><p><strong>1992-2000 \u2013\u00a08 COMPTE \u00c0 REBOURS \u2013 VERS LA BANDE DESSIN\u00c9E AM\u00c9RICAINE DE L\u2019AN 2000<\/strong>: Group exhibition.<br \/>Mus\u00e9e des Beaux-Arts d\u2019Angoul\u00eame, Angoul\u00eame (France). Guest of Honor.<br \/>January 28 to 31, 1992.<\/p><p><strong>1991 \u2013\u00a0MISFIT LIT \u2013 CONTEMPORARY COMIC ART<\/strong>: Group exhibition.<br \/>Center On Contemporary Art, Seattle, (USA). Curator: Gary Groth. Comics.<br \/>March 15 \u2013 May 4, 1991.<\/p>\t\t\t\t\t\t\t\t<\/div>\n\t\t\t\t<div class=\"elementor-element elementor-element-5b84e05 elementor-widget elementor-widget-text-editor\" data-id=\"5b84e05\" data-element_type=\"widget\" data-e-type=\"widget\" data-widget_type=\"text-editor.default\">\n\t\t\t\t\t\t\t\t\t<h3>SCREENINGS<\/h3><p><strong>2017 \u2013\u00a0TRAVELLING LIGHT \u2013 THE EYEWASH SERIES<\/strong>\u00a0: Aggregate Space Gallery, Oakland (USA). Curators: Meghana Bisineer and Christoph Steger. Screening of 5 films.<br \/>October 27, 2017.<\/p><p><strong>2014 \u2013\u00a0FIFA \u2013 FESTIVAL INTERNATIONAL DU FILM SUR L\u2019ART<\/strong>. Cin\u00e9math\u00e8que qu\u00e9b\u00e9coise, Montr\u00e9al (Quebec). As part of FIFA exp\u00e9rimental. Curator: Nicole Gingras. Screening of 6 animated films.<br \/>March 27, 2014.<\/p><p><strong>2011 \u2013 EYEWORKS \u2013 FESTIVAL OF EXPERIMENTAL ANIMATION.<\/strong><br \/>Organized by DePaul University, Chicago (USA). Screening of 8 animated films.<\/p><p><strong>November 5 and 6, 2011.2010 <\/strong><strong>\u2013\u00a0TRAFICART 2010 \u2013 LES FORMES DU TEMPS<\/strong>. Produced by S\u00e9quence Gallery, Chicoutimi (Quebec). Curator: Nicole Gingras. Installation of animated films.<br \/>August 26 to October 3, 2010.<\/p><p><strong>2010 \u2013\u00a0TAIS<\/strong>.<br \/>Animation Film Festival organized by the Toronto Animated Image Society, Toronto, Ontario. Screening of an animated film.<br \/>June 10 to 13, 2010.<\/p>\t\t\t\t\t\t\t\t<\/div>\n\t\t\t\t\t<\/div>\n\t\t\t\t<\/div>\n\t\t\t\t<\/div>\n\t\t","protected":false},"excerpt":{"rendered":"<p>Exhibitions selected exhibitions List of exhibitions &amp; screenings EXHIBITIONS 2026 \u2013\u00a0EPOP\u00c9ES GRAPHIQUES: Group exhibition.Mus\u00e9e de Grenoble (France).November 22 to April 19, 2026. 2026 \u2013 LE MEILLEUR DE MOI-M\u00caME, CE SONT MES AMI.E.S: Group exhibition.Galerie Anne Barrault, Paris (France). Curator: Anne Barrault.January 17 to February 28, 2026. 2026 \u2013\u00a0MONDES GRAPHIQUES: Group exhibition.Mus\u00e9e d\u2019Art contemporain de Montr\u00e9al, [&hellip;]<\/p>\n","protected":false},"author":1,"featured_media":0,"parent":0,"menu_order":0,"comment_status":"closed","ping_status":"closed","template":"elementor_header_footer","meta":{"_acf_changed":false,"footnotes":""},"class_list":["post-3529","page","type-page","status-publish","hentry"],"acf":[],"_links":{"self":[{"href":"https:\/\/juliedoucet.net\/en\/wp-json\/wp\/v2\/pages\/3529","targetHints":{"allow":["GET"]}}],"collection":[{"href":"https:\/\/juliedoucet.net\/en\/wp-json\/wp\/v2\/pages"}],"about":[{"href":"https:\/\/juliedoucet.net\/en\/wp-json\/wp\/v2\/types\/page"}],"author":[{"embeddable":true,"href":"https:\/\/juliedoucet.net\/en\/wp-json\/wp\/v2\/users\/1"}],"replies":[{"embeddable":true,"href":"https:\/\/juliedoucet.net\/en\/wp-json\/wp\/v2\/comments?post=3529"}],"version-history":[{"count":3,"href":"https:\/\/juliedoucet.net\/en\/wp-json\/wp\/v2\/pages\/3529\/revisions"}],"predecessor-version":[{"id":5648,"href":"https:\/\/juliedoucet.net\/en\/wp-json\/wp\/v2\/pages\/3529\/revisions\/5648"}],"wp:attachment":[{"href":"https:\/\/juliedoucet.net\/en\/wp-json\/wp\/v2\/media?parent=3529"}],"curies":[{"name":"wp","href":"https:\/\/api.w.org\/{rel}","templated":true}]}}